{"id":652,"date":"2022-04-06T22:20:26","date_gmt":"2022-04-06T22:20:26","guid":{"rendered":"https:\/\/www.biochemreg.com\/biyoyaz\/?page_id=652"},"modified":"2025-09-27T21:38:02","modified_gmt":"2025-09-27T18:38:02","slug":"barinma-imkanlari","status":"publish","type":"page","link":"https:\/\/www.biochemreg.com\/biyoyaz\/barinma-imkanlari\/","title":{"rendered":"Bar\u0131nma \u0130mkanlar\u0131"},"content":{"rendered":"\n<section id=\"gmf2217ee\" class=\"wp-block-gutentor-m4 section-gmf2217ee gutentor-module gutentor-advanced-columns\"><div class=\"grid-container\"><div class=\"grid-row\">\n<div id=\"col-gme6607c\" class=\"wp-block-gutentor-m4-col col-gme6607c gutentor-single-column  grid-lg-2 grid-md-12 grid-12\"><div id=\"section-gme6607c\" class=\"section-gme6607c gutentor-col-wrap\"><\/div><\/div>\n\n\n\n<div id=\"col-gmc3f1d6\" class=\"wp-block-gutentor-m4-col col-gmc3f1d6 gutentor-single-column  grid-lg-8 grid-md-12 grid-12\"><div id=\"section-gmc3f1d6\" class=\"section-gmc3f1d6 gutentor-col-wrap\">\n<h3>Tarsus Uygulama Oteli<\/h3>\n\n\n\n<p>Etkinli\u011fimiz i\u00e7in Tarsus Uygulama Oteli\u2019nde s\u0131n\u0131rl\u0131 say\u0131da yer ayr\u0131lm\u0131\u015f olup, fiyata a\u00e7\u0131k b\u00fcfe kahvalt\u0131 dahildir. Fiyat ve konaklama bilgileri i\u00e7in <a href=\"tel:03246142332\" target=\"_blank\" rel=\"noreferrer noopener\">0324 614 23 32<\/a> numaral\u0131 telefondan bilgi alabilirsiniz.<\/p>\n\n\n\n<br><br>\n\n\n\n<h4>Tarsus Uygulama Oteli &#8211; Yol Tarifi<\/h4>\n\n\n\n<p><strong>Adres:<\/strong> <a href=\"https:\/\/www.google.com\/maps\/place\/\/data=!4m2!3m1!1s0x1527de539839ef9b:0xd14020efaf71f3a7?sa=X&amp;ved=1t:8290&amp;ictx=111&amp;cshid=1758998196514745\">Kemalpa\u015fa, Mimar Sinan Blv. No:100, 33470 Tarsus\/Mersin<\/a><\/p>\n\n\n\n<iframe src=\"https:\/\/www.google.com\/maps\/embed?pb=!1m18!1m12!1m3!1d3189.150015127205!2d34.9000418!3d36.934582299999995!2m3!1f0!2f0!3f0!3m2!1i1024!2i768!4f13.1!3m3!1m2!1s0x1527de539839ef9b%3A0xd14020efaf71f3a7!2sTarsus%20Uygulama%20Oteli!5e0!3m2!1str!2str!4v1758998228915!5m2!1str!2str\" width=\"600\" height=\"450\" style=\"border:0;\" allowfullscreen=\"\" loading=\"lazy\" referrerpolicy=\"no-referrer-when-downgrade\"><\/iframe>\n\n\n\n<h4>Not<\/h4>\n\n\n\n<blockquote class=\"wp-block-quote is-style-default\"><p>\u00d6nceden belirlenmi\u015f bir saatte etkinlik merkezine servis kald\u0131r\u0131lacakt\u0131r.<\/p><\/blockquote>\n<\/div><\/div>\n\n\n\n<div id=\"col-gmce3551\" class=\"wp-block-gutentor-m4-col col-gmce3551 gutentor-single-column  grid-lg-2 grid-md-12 grid-12\"><div id=\"section-gmce3551\" class=\"section-gmce3551 gutentor-col-wrap\"><\/div><\/div>\n<\/div><\/div><\/section>\n\n\n\n<p><\/p>\n","protected":false},"excerpt":{"rendered":"","protected":false},"author":1,"featured_media":0,"parent":0,"menu_order":0,"comment_status":"closed","ping_status":"closed","template":"","meta":[],"yoast_head":"<!-- This site is optimized with the Yoast SEO plugin v18.6 - https:\/\/yoast.com\/wordpress\/plugins\/seo\/ -->\n<title>Bar\u0131nma \u0130mkanlar\u0131 - Biyoyaz Biyokimya Yaz Okulu<\/title>\n<meta name=\"robots\" content=\"index, follow, max-snippet:-1, max-image-preview:large, max-video-preview:-1\" \/>\n<link rel=\"canonical\" href=\"https:\/\/www.biochemreg.com\/biyoyaz\/barinma-imkanlari\/\" \/>\n<meta property=\"og:locale\" content=\"tr_TR\" \/>\n<meta property=\"og:type\" content=\"article\" \/>\n<meta property=\"og:title\" content=\"Bar\u0131nma \u0130mkanlar\u0131 - Biyoyaz Biyokimya Yaz Okulu\" \/>\n<meta property=\"og:url\" content=\"https:\/\/www.biochemreg.com\/biyoyaz\/barinma-imkanlari\/\" \/>\n<meta property=\"og:site_name\" content=\"Biyoyaz Biyokimya Yaz Okulu\" \/>\n<meta property=\"article:modified_time\" content=\"2025-09-27T18:38:02+00:00\" \/>\n<meta name=\"twitter:card\" content=\"summary_large_image\" \/>\n<meta name=\"twitter:label1\" content=\"Tahmini okuma s\u00fcresi\" \/>\n\t<meta name=\"twitter:data1\" content=\"1 dakika\" \/>\n<script type=\"application\/ld+json\" class=\"yoast-schema-graph\">{\"@context\":\"https:\/\/schema.org\",\"@graph\":[{\"@type\":\"Organization\",\"@id\":\"https:\/\/www.biochemreg.com\/biyoyaz\/#organization\",\"name\":\"Biyoyaz Biyokimya Yaz Okulu\",\"url\":\"https:\/\/www.biochemreg.com\/biyoyaz\/\",\"sameAs\":[],\"logo\":{\"@type\":\"ImageObject\",\"@id\":\"https:\/\/www.biochemreg.com\/biyoyaz\/#logo\",\"inLanguage\":\"tr\",\"url\":\"https:\/\/www.biochemreg.com\/biyoyaz\/wp-content\/uploads\/2022\/03\/home1.png\",\"contentUrl\":\"https:\/\/www.biochemreg.com\/biyoyaz\/wp-content\/uploads\/2022\/03\/home1.png\",\"width\":1224,\"height\":199,\"caption\":\"Biyoyaz Biyokimya Yaz Okulu\"},\"image\":{\"@id\":\"https:\/\/www.biochemreg.com\/biyoyaz\/#logo\"}},{\"@type\":\"WebSite\",\"@id\":\"https:\/\/www.biochemreg.com\/biyoyaz\/#website\",\"url\":\"https:\/\/www.biochemreg.com\/biyoyaz\/\",\"name\":\"Biyoyaz Biyokimya Yaz Okulu\",\"description\":\"Biyoyaz Biyokimya Yaz Okulu\",\"publisher\":{\"@id\":\"https:\/\/www.biochemreg.com\/biyoyaz\/#organization\"},\"potentialAction\":[{\"@type\":\"SearchAction\",\"target\":{\"@type\":\"EntryPoint\",\"urlTemplate\":\"https:\/\/www.biochemreg.com\/biyoyaz\/?s={search_term_string}\"},\"query-input\":\"required name=search_term_string\"}],\"inLanguage\":\"tr\"},{\"@type\":\"WebPage\",\"@id\":\"https:\/\/www.biochemreg.com\/biyoyaz\/barinma-imkanlari\/#webpage\",\"url\":\"https:\/\/www.biochemreg.com\/biyoyaz\/barinma-imkanlari\/\",\"name\":\"Bar\u0131nma \u0130mkanlar\u0131 - Biyoyaz Biyokimya Yaz Okulu\",\"isPartOf\":{\"@id\":\"https:\/\/www.biochemreg.com\/biyoyaz\/#website\"},\"datePublished\":\"2022-04-06T22:20:26+00:00\",\"dateModified\":\"2025-09-27T18:38:02+00:00\",\"breadcrumb\":{\"@id\":\"https:\/\/www.biochemreg.com\/biyoyaz\/barinma-imkanlari\/#breadcrumb\"},\"inLanguage\":\"tr\",\"potentialAction\":[{\"@type\":\"ReadAction\",\"target\":[\"https:\/\/www.biochemreg.com\/biyoyaz\/barinma-imkanlari\/\"]}]},{\"@type\":\"BreadcrumbList\",\"@id\":\"https:\/\/www.biochemreg.com\/biyoyaz\/barinma-imkanlari\/#breadcrumb\",\"itemListElement\":[{\"@type\":\"ListItem\",\"position\":1,\"name\":\"Anasayfa\",\"item\":\"https:\/\/www.biochemreg.com\/biyoyaz\/\"},{\"@type\":\"ListItem\",\"position\":2,\"name\":\"Bar\u0131nma \u0130mkanlar\u0131\"}]}]}<\/script>\n<!-- \/ Yoast SEO plugin. -->","yoast_head_json":{"title":"Bar\u0131nma \u0130mkanlar\u0131 - Biyoyaz Biyokimya Yaz Okulu","robots":{"index":"index","follow":"follow","max-snippet":"max-snippet:-1","max-image-preview":"max-image-preview:large","max-video-preview":"max-video-preview:-1"},"canonical":"https:\/\/www.biochemreg.com\/biyoyaz\/barinma-imkanlari\/","og_locale":"tr_TR","og_type":"article","og_title":"Bar\u0131nma \u0130mkanlar\u0131 - Biyoyaz Biyokimya Yaz Okulu","og_url":"https:\/\/www.biochemreg.com\/biyoyaz\/barinma-imkanlari\/","og_site_name":"Biyoyaz Biyokimya Yaz Okulu","article_modified_time":"2025-09-27T18:38:02+00:00","twitter_card":"summary_large_image","twitter_misc":{"Tahmini okuma s\u00fcresi":"1 dakika"},"schema":{"@context":"https:\/\/schema.org","@graph":[{"@type":"Organization","@id":"https:\/\/www.biochemreg.com\/biyoyaz\/#organization","name":"Biyoyaz Biyokimya Yaz Okulu","url":"https:\/\/www.biochemreg.com\/biyoyaz\/","sameAs":[],"logo":{"@type":"ImageObject","@id":"https:\/\/www.biochemreg.com\/biyoyaz\/#logo","inLanguage":"tr","url":"https:\/\/www.biochemreg.com\/biyoyaz\/wp-content\/uploads\/2022\/03\/home1.png","contentUrl":"https:\/\/www.biochemreg.com\/biyoyaz\/wp-content\/uploads\/2022\/03\/home1.png","width":1224,"height":199,"caption":"Biyoyaz Biyokimya Yaz Okulu"},"image":{"@id":"https:\/\/www.biochemreg.com\/biyoyaz\/#logo"}},{"@type":"WebSite","@id":"https:\/\/www.biochemreg.com\/biyoyaz\/#website","url":"https:\/\/www.biochemreg.com\/biyoyaz\/","name":"Biyoyaz Biyokimya Yaz Okulu","description":"Biyoyaz Biyokimya Yaz Okulu","publisher":{"@id":"https:\/\/www.biochemreg.com\/biyoyaz\/#organization"},"potentialAction":[{"@type":"SearchAction","target":{"@type":"EntryPoint","urlTemplate":"https:\/\/www.biochemreg.com\/biyoyaz\/?s={search_term_string}"},"query-input":"required name=search_term_string"}],"inLanguage":"tr"},{"@type":"WebPage","@id":"https:\/\/www.biochemreg.com\/biyoyaz\/barinma-imkanlari\/#webpage","url":"https:\/\/www.biochemreg.com\/biyoyaz\/barinma-imkanlari\/","name":"Bar\u0131nma \u0130mkanlar\u0131 - Biyoyaz Biyokimya Yaz Okulu","isPartOf":{"@id":"https:\/\/www.biochemreg.com\/biyoyaz\/#website"},"datePublished":"2022-04-06T22:20:26+00:00","dateModified":"2025-09-27T18:38:02+00:00","breadcrumb":{"@id":"https:\/\/www.biochemreg.com\/biyoyaz\/barinma-imkanlari\/#breadcrumb"},"inLanguage":"tr","potentialAction":[{"@type":"ReadAction","target":["https:\/\/www.biochemreg.com\/biyoyaz\/barinma-imkanlari\/"]}]},{"@type":"BreadcrumbList","@id":"https:\/\/www.biochemreg.com\/biyoyaz\/barinma-imkanlari\/#breadcrumb","itemListElement":[{"@type":"ListItem","position":1,"name":"Anasayfa","item":"https:\/\/www.biochemreg.com\/biyoyaz\/"},{"@type":"ListItem","position":2,"name":"Bar\u0131nma \u0130mkanlar\u0131"}]}]}},"_links":{"self":[{"href":"https:\/\/www.biochemreg.com\/biyoyaz\/wp-json\/wp\/v2\/pages\/652"}],"collection":[{"href":"https:\/\/www.biochemreg.com\/biyoyaz\/wp-json\/wp\/v2\/pages"}],"about":[{"href":"https:\/\/www.biochemreg.com\/biyoyaz\/wp-json\/wp\/v2\/types\/page"}],"author":[{"embeddable":true,"href":"https:\/\/www.biochemreg.com\/biyoyaz\/wp-json\/wp\/v2\/users\/1"}],"replies":[{"embeddable":true,"href":"https:\/\/www.biochemreg.com\/biyoyaz\/wp-json\/wp\/v2\/comments?post=652"}],"version-history":[{"count":30,"href":"https:\/\/www.biochemreg.com\/biyoyaz\/wp-json\/wp\/v2\/pages\/652\/revisions"}],"predecessor-version":[{"id":934,"href":"https:\/\/www.biochemreg.com\/biyoyaz\/wp-json\/wp\/v2\/pages\/652\/revisions\/934"}],"wp:attachment":[{"href":"https:\/\/www.biochemreg.com\/biyoyaz\/wp-json\/wp\/v2\/media?parent=652"}],"curies":[{"name":"wp","href":"https:\/\/api.w.org\/{rel}","templated":true}]}}