{"id":227,"date":"2022-03-20T14:26:35","date_gmt":"2022-03-20T14:26:35","guid":{"rendered":"https:\/\/www.biochemreg.com\/biyoyaz\/?page_id=227"},"modified":"2025-09-03T18:54:25","modified_gmt":"2025-09-03T18:54:25","slug":"odeme-bilgisi","status":"publish","type":"page","link":"https:\/\/www.biochemreg.com\/biyoyaz\/odeme-bilgisi\/","title":{"rendered":"\u00d6deme Bilgisi"},"content":{"rendered":"\n<div id=\"section-gd3efde\" class=\"wp-block-gutentor-e1 section-gd3efde gutentor-element gutentor-element-advanced-text text-align-center-desktop text-align-center-tablet text-align-center-mobile\"><div class=\"gutentor-text-wrap\"><p class=\"gutentor-text\"><strong>Kay\u0131t \u00dccreti Banka Hesap No:<\/strong><br><strong>\u00a0<\/strong><br>Garanti Bankas\u0131<br>IBAN: TR89 0006 2000 5910 0006 8702 63<br>Hesap ismi: Mehmet Odaba\u015f\u0131<br>A\u00e7\u0131klama olarak: biyoyaz2025<\/p><\/div><\/div>\n","protected":false},"excerpt":{"rendered":"","protected":false},"author":1,"featured_media":0,"parent":0,"menu_order":0,"comment_status":"closed","ping_status":"closed","template":"","meta":[],"yoast_head":"<!-- This site is optimized with the Yoast SEO plugin v18.6 - https:\/\/yoast.com\/wordpress\/plugins\/seo\/ -->\n<title>\u00d6deme Bilgisi - Biyoyaz Biyokimya Yaz Okulu<\/title>\n<meta name=\"robots\" content=\"index, follow, max-snippet:-1, max-image-preview:large, max-video-preview:-1\" \/>\n<link rel=\"canonical\" href=\"https:\/\/www.biochemreg.com\/biyoyaz\/odeme-bilgisi\/\" \/>\n<meta property=\"og:locale\" content=\"tr_TR\" \/>\n<meta property=\"og:type\" content=\"article\" \/>\n<meta property=\"og:title\" content=\"\u00d6deme Bilgisi - Biyoyaz Biyokimya Yaz Okulu\" \/>\n<meta property=\"og:url\" content=\"https:\/\/www.biochemreg.com\/biyoyaz\/odeme-bilgisi\/\" \/>\n<meta property=\"og:site_name\" content=\"Biyoyaz Biyokimya Yaz Okulu\" \/>\n<meta property=\"article:modified_time\" content=\"2025-09-03T18:54:25+00:00\" \/>\n<meta name=\"twitter:card\" content=\"summary_large_image\" \/>\n<meta name=\"twitter:label1\" content=\"Tahmini okuma s\u00fcresi\" \/>\n\t<meta name=\"twitter:data1\" content=\"1 dakika\" \/>\n<script type=\"application\/ld+json\" class=\"yoast-schema-graph\">{\"@context\":\"https:\/\/schema.org\",\"@graph\":[{\"@type\":\"Organization\",\"@id\":\"https:\/\/www.biochemreg.com\/biyoyaz\/#organization\",\"name\":\"Biyoyaz Biyokimya Yaz Okulu\",\"url\":\"https:\/\/www.biochemreg.com\/biyoyaz\/\",\"sameAs\":[],\"logo\":{\"@type\":\"ImageObject\",\"@id\":\"https:\/\/www.biochemreg.com\/biyoyaz\/#logo\",\"inLanguage\":\"tr\",\"url\":\"https:\/\/www.biochemreg.com\/biyoyaz\/wp-content\/uploads\/2022\/03\/home1.png\",\"contentUrl\":\"https:\/\/www.biochemreg.com\/biyoyaz\/wp-content\/uploads\/2022\/03\/home1.png\",\"width\":1224,\"height\":199,\"caption\":\"Biyoyaz Biyokimya Yaz Okulu\"},\"image\":{\"@id\":\"https:\/\/www.biochemreg.com\/biyoyaz\/#logo\"}},{\"@type\":\"WebSite\",\"@id\":\"https:\/\/www.biochemreg.com\/biyoyaz\/#website\",\"url\":\"https:\/\/www.biochemreg.com\/biyoyaz\/\",\"name\":\"Biyoyaz Biyokimya Yaz Okulu\",\"description\":\"Biyoyaz Biyokimya Yaz Okulu\",\"publisher\":{\"@id\":\"https:\/\/www.biochemreg.com\/biyoyaz\/#organization\"},\"potentialAction\":[{\"@type\":\"SearchAction\",\"target\":{\"@type\":\"EntryPoint\",\"urlTemplate\":\"https:\/\/www.biochemreg.com\/biyoyaz\/?s={search_term_string}\"},\"query-input\":\"required name=search_term_string\"}],\"inLanguage\":\"tr\"},{\"@type\":\"WebPage\",\"@id\":\"https:\/\/www.biochemreg.com\/biyoyaz\/odeme-bilgisi\/#webpage\",\"url\":\"https:\/\/www.biochemreg.com\/biyoyaz\/odeme-bilgisi\/\",\"name\":\"\u00d6deme Bilgisi - Biyoyaz Biyokimya Yaz Okulu\",\"isPartOf\":{\"@id\":\"https:\/\/www.biochemreg.com\/biyoyaz\/#website\"},\"datePublished\":\"2022-03-20T14:26:35+00:00\",\"dateModified\":\"2025-09-03T18:54:25+00:00\",\"breadcrumb\":{\"@id\":\"https:\/\/www.biochemreg.com\/biyoyaz\/odeme-bilgisi\/#breadcrumb\"},\"inLanguage\":\"tr\",\"potentialAction\":[{\"@type\":\"ReadAction\",\"target\":[\"https:\/\/www.biochemreg.com\/biyoyaz\/odeme-bilgisi\/\"]}]},{\"@type\":\"BreadcrumbList\",\"@id\":\"https:\/\/www.biochemreg.com\/biyoyaz\/odeme-bilgisi\/#breadcrumb\",\"itemListElement\":[{\"@type\":\"ListItem\",\"position\":1,\"name\":\"Anasayfa\",\"item\":\"https:\/\/www.biochemreg.com\/biyoyaz\/\"},{\"@type\":\"ListItem\",\"position\":2,\"name\":\"\u00d6deme Bilgisi\"}]}]}<\/script>\n<!-- \/ Yoast SEO plugin. -->","yoast_head_json":{"title":"\u00d6deme Bilgisi - Biyoyaz Biyokimya Yaz Okulu","robots":{"index":"index","follow":"follow","max-snippet":"max-snippet:-1","max-image-preview":"max-image-preview:large","max-video-preview":"max-video-preview:-1"},"canonical":"https:\/\/www.biochemreg.com\/biyoyaz\/odeme-bilgisi\/","og_locale":"tr_TR","og_type":"article","og_title":"\u00d6deme Bilgisi - Biyoyaz Biyokimya Yaz Okulu","og_url":"https:\/\/www.biochemreg.com\/biyoyaz\/odeme-bilgisi\/","og_site_name":"Biyoyaz Biyokimya Yaz Okulu","article_modified_time":"2025-09-03T18:54:25+00:00","twitter_card":"summary_large_image","twitter_misc":{"Tahmini okuma s\u00fcresi":"1 dakika"},"schema":{"@context":"https:\/\/schema.org","@graph":[{"@type":"Organization","@id":"https:\/\/www.biochemreg.com\/biyoyaz\/#organization","name":"Biyoyaz Biyokimya Yaz Okulu","url":"https:\/\/www.biochemreg.com\/biyoyaz\/","sameAs":[],"logo":{"@type":"ImageObject","@id":"https:\/\/www.biochemreg.com\/biyoyaz\/#logo","inLanguage":"tr","url":"https:\/\/www.biochemreg.com\/biyoyaz\/wp-content\/uploads\/2022\/03\/home1.png","contentUrl":"https:\/\/www.biochemreg.com\/biyoyaz\/wp-content\/uploads\/2022\/03\/home1.png","width":1224,"height":199,"caption":"Biyoyaz Biyokimya Yaz Okulu"},"image":{"@id":"https:\/\/www.biochemreg.com\/biyoyaz\/#logo"}},{"@type":"WebSite","@id":"https:\/\/www.biochemreg.com\/biyoyaz\/#website","url":"https:\/\/www.biochemreg.com\/biyoyaz\/","name":"Biyoyaz Biyokimya Yaz Okulu","description":"Biyoyaz Biyokimya Yaz Okulu","publisher":{"@id":"https:\/\/www.biochemreg.com\/biyoyaz\/#organization"},"potentialAction":[{"@type":"SearchAction","target":{"@type":"EntryPoint","urlTemplate":"https:\/\/www.biochemreg.com\/biyoyaz\/?s={search_term_string}"},"query-input":"required name=search_term_string"}],"inLanguage":"tr"},{"@type":"WebPage","@id":"https:\/\/www.biochemreg.com\/biyoyaz\/odeme-bilgisi\/#webpage","url":"https:\/\/www.biochemreg.com\/biyoyaz\/odeme-bilgisi\/","name":"\u00d6deme Bilgisi - Biyoyaz Biyokimya Yaz Okulu","isPartOf":{"@id":"https:\/\/www.biochemreg.com\/biyoyaz\/#website"},"datePublished":"2022-03-20T14:26:35+00:00","dateModified":"2025-09-03T18:54:25+00:00","breadcrumb":{"@id":"https:\/\/www.biochemreg.com\/biyoyaz\/odeme-bilgisi\/#breadcrumb"},"inLanguage":"tr","potentialAction":[{"@type":"ReadAction","target":["https:\/\/www.biochemreg.com\/biyoyaz\/odeme-bilgisi\/"]}]},{"@type":"BreadcrumbList","@id":"https:\/\/www.biochemreg.com\/biyoyaz\/odeme-bilgisi\/#breadcrumb","itemListElement":[{"@type":"ListItem","position":1,"name":"Anasayfa","item":"https:\/\/www.biochemreg.com\/biyoyaz\/"},{"@type":"ListItem","position":2,"name":"\u00d6deme Bilgisi"}]}]}},"_links":{"self":[{"href":"https:\/\/www.biochemreg.com\/biyoyaz\/wp-json\/wp\/v2\/pages\/227"}],"collection":[{"href":"https:\/\/www.biochemreg.com\/biyoyaz\/wp-json\/wp\/v2\/pages"}],"about":[{"href":"https:\/\/www.biochemreg.com\/biyoyaz\/wp-json\/wp\/v2\/types\/page"}],"author":[{"embeddable":true,"href":"https:\/\/www.biochemreg.com\/biyoyaz\/wp-json\/wp\/v2\/users\/1"}],"replies":[{"embeddable":true,"href":"https:\/\/www.biochemreg.com\/biyoyaz\/wp-json\/wp\/v2\/comments?post=227"}],"version-history":[{"count":8,"href":"https:\/\/www.biochemreg.com\/biyoyaz\/wp-json\/wp\/v2\/pages\/227\/revisions"}],"predecessor-version":[{"id":804,"href":"https:\/\/www.biochemreg.com\/biyoyaz\/wp-json\/wp\/v2\/pages\/227\/revisions\/804"}],"wp:attachment":[{"href":"https:\/\/www.biochemreg.com\/biyoyaz\/wp-json\/wp\/v2\/media?parent=227"}],"curies":[{"name":"wp","href":"https:\/\/api.w.org\/{rel}","templated":true}]}}