{"id":223,"date":"2022-03-20T14:26:07","date_gmt":"2022-03-20T14:26:07","guid":{"rendered":"https:\/\/www.biochemreg.com\/biyoyaz\/?page_id=223"},"modified":"2025-09-05T21:35:58","modified_gmt":"2025-09-05T18:35:58","slug":"organizasyon-kurulu","status":"publish","type":"page","link":"https:\/\/www.biochemreg.com\/biyoyaz\/organizasyon-kurulu\/","title":{"rendered":"Organizasyon Kurulu"},"content":{"rendered":"\n<section id=\"gm4d613d5\" class=\"wp-block-gutentor-m4 section-gm4d613d5 gutentor-module gutentor-advanced-columns\"><div class=\"grid-container\"><div class=\"grid-row\">\n<div id=\"col-gm233115\" class=\"wp-block-gutentor-m4-col col-gm233115 gutentor-single-column  grid-lg-2 grid-md-12 grid-12\"><div id=\"section-gm233115\" class=\"section-gm233115 gutentor-col-wrap\"><\/div><\/div>\n\n\n\n<div id=\"col-gm64669f\" class=\"wp-block-gutentor-m4-col col-gm64669f gutentor-single-column  grid-lg-8 grid-md-12 grid-12\"><div id=\"section-gm64669f\" class=\"section-gm64669f gutentor-col-wrap\">\n<blockquote>\n<p>Tuba G\u00d6K (Aksaray \u00dcn.)<\/p>\n<p>Dilara AY (Aksaray \u00dcn.)<\/p>\n<p>Duygu POLAT (D\u00fczce \u00dcn.)<\/p>\n<p>Ecrin Eda ODABA\u015eI (Bilkent \u00dcn.)<\/p>\n<p>Mustafa Emre DEM\u0130R (Mersin \u00dcn.)<\/p>\n<p>Mevl\u00fct \u00c7EL\u0130K (Mu\u015f Alparslan \u00dcn.)<\/p>\n<p>\u0130smahan Merve SAPMAZ (Tarsus \u00dcn.)<\/p>\n<p>Ula\u015f Mira\u00e7 ERG\u00dcN (Tarsus \u00dcn.)<\/p>\n<p>Aliyenur GAMLI (Tarsus \u00dcn.)<\/p>\n<p>Canan ARSLAN (Tarsus \u00dcn.)<\/p>\n<p>Elif Mevre A\u00c7IKG\u00d6Z (Tarsus \u00dcn.)<\/p>\n<p>Merve DO\u011eAN (Tarsus \u00dcn.)<\/p>\n<p>K\u00fcbra DEM\u0130R (Tarsus \u00dcn.)<\/p>\n<p>M\u00fctemen ELYAN (Tarsus \u00dcn.)<\/p>\n<p>Zilan BA\u015e\u00c7I (Tarsus \u00dcn.)<\/p>\n<p>Elif YUCA (Tarsus \u00dcn.)<\/p>\n<p>Perihan HAN (Tarsus \u00dcn.)<\/p>\n<p>Fatmanur BULUT (Tarsus \u00dcn.)<\/p>\n<p>S\u0131la TOSUN (Tarsus \u00dcn.)<\/p>\n<p>Berivan G\u00dcN (Tarsus \u00dcn.)<\/p>\n<p><span style=\"color: #000000;\"><span id=\"page3R_mcid226\" class=\"markedContent\">\u00a0<\/span><\/span><\/p>\n<\/blockquote>\n<\/div><\/div>\n\n\n\n<div id=\"col-gm21f973\" class=\"wp-block-gutentor-m4-col col-gm21f973 gutentor-single-column  grid-lg-2 grid-md-12 grid-12\"><div id=\"section-gm21f973\" class=\"section-gm21f973 gutentor-col-wrap\"><\/div><\/div>\n<\/div><\/div><\/section>\n","protected":false},"excerpt":{"rendered":"","protected":false},"author":1,"featured_media":0,"parent":0,"menu_order":0,"comment_status":"closed","ping_status":"closed","template":"","meta":[],"yoast_head":"<!-- This site is optimized with the Yoast SEO plugin v18.6 - https:\/\/yoast.com\/wordpress\/plugins\/seo\/ -->\n<title>Organizasyon Kurulu - Biyoyaz Biyokimya Yaz Okulu<\/title>\n<meta name=\"robots\" content=\"index, follow, max-snippet:-1, max-image-preview:large, max-video-preview:-1\" \/>\n<link rel=\"canonical\" href=\"https:\/\/www.biochemreg.com\/biyoyaz\/organizasyon-kurulu\/\" \/>\n<meta property=\"og:locale\" content=\"tr_TR\" \/>\n<meta property=\"og:type\" content=\"article\" \/>\n<meta property=\"og:title\" content=\"Organizasyon Kurulu - Biyoyaz Biyokimya Yaz Okulu\" \/>\n<meta property=\"og:url\" content=\"https:\/\/www.biochemreg.com\/biyoyaz\/organizasyon-kurulu\/\" \/>\n<meta property=\"og:site_name\" content=\"Biyoyaz Biyokimya Yaz Okulu\" \/>\n<meta property=\"article:modified_time\" content=\"2025-09-05T18:35:58+00:00\" \/>\n<meta name=\"twitter:card\" content=\"summary_large_image\" \/>\n<meta name=\"twitter:label1\" content=\"Tahmini okuma s\u00fcresi\" \/>\n\t<meta name=\"twitter:data1\" content=\"1 dakika\" \/>\n<script type=\"application\/ld+json\" class=\"yoast-schema-graph\">{\"@context\":\"https:\/\/schema.org\",\"@graph\":[{\"@type\":\"Organization\",\"@id\":\"https:\/\/www.biochemreg.com\/biyoyaz\/#organization\",\"name\":\"Biyoyaz Biyokimya Yaz Okulu\",\"url\":\"https:\/\/www.biochemreg.com\/biyoyaz\/\",\"sameAs\":[],\"logo\":{\"@type\":\"ImageObject\",\"@id\":\"https:\/\/www.biochemreg.com\/biyoyaz\/#logo\",\"inLanguage\":\"tr\",\"url\":\"https:\/\/www.biochemreg.com\/biyoyaz\/wp-content\/uploads\/2022\/03\/home1.png\",\"contentUrl\":\"https:\/\/www.biochemreg.com\/biyoyaz\/wp-content\/uploads\/2022\/03\/home1.png\",\"width\":1224,\"height\":199,\"caption\":\"Biyoyaz Biyokimya Yaz Okulu\"},\"image\":{\"@id\":\"https:\/\/www.biochemreg.com\/biyoyaz\/#logo\"}},{\"@type\":\"WebSite\",\"@id\":\"https:\/\/www.biochemreg.com\/biyoyaz\/#website\",\"url\":\"https:\/\/www.biochemreg.com\/biyoyaz\/\",\"name\":\"Biyoyaz Biyokimya Yaz Okulu\",\"description\":\"Biyoyaz Biyokimya Yaz Okulu\",\"publisher\":{\"@id\":\"https:\/\/www.biochemreg.com\/biyoyaz\/#organization\"},\"potentialAction\":[{\"@type\":\"SearchAction\",\"target\":{\"@type\":\"EntryPoint\",\"urlTemplate\":\"https:\/\/www.biochemreg.com\/biyoyaz\/?s={search_term_string}\"},\"query-input\":\"required name=search_term_string\"}],\"inLanguage\":\"tr\"},{\"@type\":\"WebPage\",\"@id\":\"https:\/\/www.biochemreg.com\/biyoyaz\/organizasyon-kurulu\/#webpage\",\"url\":\"https:\/\/www.biochemreg.com\/biyoyaz\/organizasyon-kurulu\/\",\"name\":\"Organizasyon Kurulu - Biyoyaz Biyokimya Yaz Okulu\",\"isPartOf\":{\"@id\":\"https:\/\/www.biochemreg.com\/biyoyaz\/#website\"},\"datePublished\":\"2022-03-20T14:26:07+00:00\",\"dateModified\":\"2025-09-05T18:35:58+00:00\",\"breadcrumb\":{\"@id\":\"https:\/\/www.biochemreg.com\/biyoyaz\/organizasyon-kurulu\/#breadcrumb\"},\"inLanguage\":\"tr\",\"potentialAction\":[{\"@type\":\"ReadAction\",\"target\":[\"https:\/\/www.biochemreg.com\/biyoyaz\/organizasyon-kurulu\/\"]}]},{\"@type\":\"BreadcrumbList\",\"@id\":\"https:\/\/www.biochemreg.com\/biyoyaz\/organizasyon-kurulu\/#breadcrumb\",\"itemListElement\":[{\"@type\":\"ListItem\",\"position\":1,\"name\":\"Anasayfa\",\"item\":\"https:\/\/www.biochemreg.com\/biyoyaz\/\"},{\"@type\":\"ListItem\",\"position\":2,\"name\":\"Organizasyon Kurulu\"}]}]}<\/script>\n<!-- \/ Yoast SEO plugin. -->","yoast_head_json":{"title":"Organizasyon Kurulu - Biyoyaz Biyokimya Yaz Okulu","robots":{"index":"index","follow":"follow","max-snippet":"max-snippet:-1","max-image-preview":"max-image-preview:large","max-video-preview":"max-video-preview:-1"},"canonical":"https:\/\/www.biochemreg.com\/biyoyaz\/organizasyon-kurulu\/","og_locale":"tr_TR","og_type":"article","og_title":"Organizasyon Kurulu - Biyoyaz Biyokimya Yaz Okulu","og_url":"https:\/\/www.biochemreg.com\/biyoyaz\/organizasyon-kurulu\/","og_site_name":"Biyoyaz Biyokimya Yaz Okulu","article_modified_time":"2025-09-05T18:35:58+00:00","twitter_card":"summary_large_image","twitter_misc":{"Tahmini okuma s\u00fcresi":"1 dakika"},"schema":{"@context":"https:\/\/schema.org","@graph":[{"@type":"Organization","@id":"https:\/\/www.biochemreg.com\/biyoyaz\/#organization","name":"Biyoyaz Biyokimya Yaz Okulu","url":"https:\/\/www.biochemreg.com\/biyoyaz\/","sameAs":[],"logo":{"@type":"ImageObject","@id":"https:\/\/www.biochemreg.com\/biyoyaz\/#logo","inLanguage":"tr","url":"https:\/\/www.biochemreg.com\/biyoyaz\/wp-content\/uploads\/2022\/03\/home1.png","contentUrl":"https:\/\/www.biochemreg.com\/biyoyaz\/wp-content\/uploads\/2022\/03\/home1.png","width":1224,"height":199,"caption":"Biyoyaz Biyokimya Yaz Okulu"},"image":{"@id":"https:\/\/www.biochemreg.com\/biyoyaz\/#logo"}},{"@type":"WebSite","@id":"https:\/\/www.biochemreg.com\/biyoyaz\/#website","url":"https:\/\/www.biochemreg.com\/biyoyaz\/","name":"Biyoyaz Biyokimya Yaz Okulu","description":"Biyoyaz Biyokimya Yaz Okulu","publisher":{"@id":"https:\/\/www.biochemreg.com\/biyoyaz\/#organization"},"potentialAction":[{"@type":"SearchAction","target":{"@type":"EntryPoint","urlTemplate":"https:\/\/www.biochemreg.com\/biyoyaz\/?s={search_term_string}"},"query-input":"required name=search_term_string"}],"inLanguage":"tr"},{"@type":"WebPage","@id":"https:\/\/www.biochemreg.com\/biyoyaz\/organizasyon-kurulu\/#webpage","url":"https:\/\/www.biochemreg.com\/biyoyaz\/organizasyon-kurulu\/","name":"Organizasyon Kurulu - Biyoyaz Biyokimya Yaz Okulu","isPartOf":{"@id":"https:\/\/www.biochemreg.com\/biyoyaz\/#website"},"datePublished":"2022-03-20T14:26:07+00:00","dateModified":"2025-09-05T18:35:58+00:00","breadcrumb":{"@id":"https:\/\/www.biochemreg.com\/biyoyaz\/organizasyon-kurulu\/#breadcrumb"},"inLanguage":"tr","potentialAction":[{"@type":"ReadAction","target":["https:\/\/www.biochemreg.com\/biyoyaz\/organizasyon-kurulu\/"]}]},{"@type":"BreadcrumbList","@id":"https:\/\/www.biochemreg.com\/biyoyaz\/organizasyon-kurulu\/#breadcrumb","itemListElement":[{"@type":"ListItem","position":1,"name":"Anasayfa","item":"https:\/\/www.biochemreg.com\/biyoyaz\/"},{"@type":"ListItem","position":2,"name":"Organizasyon Kurulu"}]}]}},"_links":{"self":[{"href":"https:\/\/www.biochemreg.com\/biyoyaz\/wp-json\/wp\/v2\/pages\/223"}],"collection":[{"href":"https:\/\/www.biochemreg.com\/biyoyaz\/wp-json\/wp\/v2\/pages"}],"about":[{"href":"https:\/\/www.biochemreg.com\/biyoyaz\/wp-json\/wp\/v2\/types\/page"}],"author":[{"embeddable":true,"href":"https:\/\/www.biochemreg.com\/biyoyaz\/wp-json\/wp\/v2\/users\/1"}],"replies":[{"embeddable":true,"href":"https:\/\/www.biochemreg.com\/biyoyaz\/wp-json\/wp\/v2\/comments?post=223"}],"version-history":[{"count":10,"href":"https:\/\/www.biochemreg.com\/biyoyaz\/wp-json\/wp\/v2\/pages\/223\/revisions"}],"predecessor-version":[{"id":862,"href":"https:\/\/www.biochemreg.com\/biyoyaz\/wp-json\/wp\/v2\/pages\/223\/revisions\/862"}],"wp:attachment":[{"href":"https:\/\/www.biochemreg.com\/biyoyaz\/wp-json\/wp\/v2\/media?parent=223"}],"curies":[{"name":"wp","href":"https:\/\/api.w.org\/{rel}","templated":true}]}}