{"id":221,"date":"2022-03-20T14:25:37","date_gmt":"2022-03-20T14:25:37","guid":{"rendered":"https:\/\/www.biochemreg.com\/biyoyaz\/?page_id=221"},"modified":"2025-10-14T04:17:32","modified_gmt":"2025-10-14T01:17:32","slug":"duzenleme-kurulu","status":"publish","type":"page","link":"https:\/\/www.biochemreg.com\/biyoyaz\/duzenleme-kurulu\/","title":{"rendered":"D\u00fczenleme Kurulu"},"content":{"rendered":"\n<section id=\"gma2b653b\" class=\"wp-block-gutentor-m4 section-gma2b653b gutentor-module gutentor-advanced-columns\"><div class=\"grid-container\"><div class=\"grid-row\">\n<div id=\"col-gmdf2b56\" class=\"wp-block-gutentor-m4-col col-gmdf2b56 gutentor-single-column  grid-lg-2 grid-md-12 grid-12\"><div id=\"section-gmdf2b56\" class=\"section-gmdf2b56 gutentor-col-wrap\"><\/div><\/div>\n\n\n\n<div id=\"col-gm4eec5d\" class=\"wp-block-gutentor-m4-col col-gm4eec5d gutentor-single-column  grid-lg-8 grid-md-12 grid-12\"><div id=\"section-gm4eec5d\" class=\"section-gm4eec5d gutentor-col-wrap\">\n<blockquote>\n<p>Prof. Dr. Lokman UZUN (Hacettepe \u00dcn.)<\/p>\n<p>Prof. Dr. Mahmut ERZENG\u0130N (Aksaray \u00dcn.)<\/p>\n<p>Prof. Dr. Burhan \u015eEN (Trakya \u00dcn.)<\/p>\n<p>Prof. Dr. Nalan \u00d6ZDEM\u0130R (Erciyes \u00dcn.)<\/p>\n<p>Prof. Dr. Burhan ATE\u015e (\u0130n\u00f6n\u00fc \u00dcn)<\/p>\n<p>Prof. Dr. H\u00fcseyin ALKAN (Dicle \u00dcn.)<\/p>\n<p>Prof. Dr. Veyis KARAKO\u00c7 (\u00c7ank\u0131r\u0131 Karatekin \u00dcn.)<\/p>\n<p>Do\u00e7. Dr. Demet ERD\u00d6NMEZ (D\u00fczce \u00dcn.)<\/p>\n<p>Do\u00e7. Dr. \u0130hsan ALACABEY (Mardin Artuklu \u00dcn.)<\/p>\n<p>Do\u00e7. Dr. T\u00fclden KALBURCU (Aksaray \u00dcn.)<\/p>\n<p>Dr. \u00d6\u011fr. \u00dcyesi \u015eefika P\u0131nar \u015eENOL (Tarsus \u00dcn.)<\/p>\n<p>Dr. Mine BU\u011eA AKTEK\u0130N (Tarsus \u00dcn.)<\/p>\n<p>Dr. Emrah D\u0130K\u0130C\u0130 (Aksaray \u00dcn.)<\/p>\n<p>Dr. Samir NOMA<\/p>\n<p>Dr. \u015eeyda CEYLAN (Aksaray \u00dcn.)<\/p>\n<p>Dr. Burcu \u00d6NAL ACET (Aksaray \u00dcn.)<\/p>\n<p><span style=\"color: #000000;\"><span id=\"page3R_mcid252\" class=\"markedContent\"><span dir=\"ltr\" role=\"presentation\">\u00a0<\/span><\/span><\/span><\/p>\n<\/blockquote>\n<\/div><\/div>\n\n\n\n<div id=\"col-gmf3c52f\" class=\"wp-block-gutentor-m4-col col-gmf3c52f gutentor-single-column  grid-lg-2 grid-md-12 grid-12\"><div id=\"section-gmf3c52f\" class=\"section-gmf3c52f gutentor-col-wrap\"><\/div><\/div>\n<\/div><\/div><\/section>\n","protected":false},"excerpt":{"rendered":"","protected":false},"author":1,"featured_media":0,"parent":0,"menu_order":0,"comment_status":"closed","ping_status":"closed","template":"","meta":[],"yoast_head":"<!-- This site is optimized with the Yoast SEO plugin v18.6 - https:\/\/yoast.com\/wordpress\/plugins\/seo\/ -->\n<title>D\u00fczenleme Kurulu - Biyoyaz Biyokimya Yaz Okulu<\/title>\n<meta name=\"robots\" content=\"index, follow, max-snippet:-1, max-image-preview:large, max-video-preview:-1\" \/>\n<link rel=\"canonical\" href=\"https:\/\/www.biochemreg.com\/biyoyaz\/duzenleme-kurulu\/\" \/>\n<meta property=\"og:locale\" content=\"tr_TR\" \/>\n<meta property=\"og:type\" content=\"article\" \/>\n<meta property=\"og:title\" content=\"D\u00fczenleme Kurulu - Biyoyaz Biyokimya Yaz Okulu\" \/>\n<meta property=\"og:url\" content=\"https:\/\/www.biochemreg.com\/biyoyaz\/duzenleme-kurulu\/\" \/>\n<meta property=\"og:site_name\" content=\"Biyoyaz Biyokimya Yaz Okulu\" \/>\n<meta property=\"article:modified_time\" content=\"2025-10-14T01:17:32+00:00\" \/>\n<meta name=\"twitter:card\" content=\"summary_large_image\" \/>\n<meta name=\"twitter:label1\" content=\"Tahmini okuma s\u00fcresi\" \/>\n\t<meta name=\"twitter:data1\" content=\"1 dakika\" \/>\n<script type=\"application\/ld+json\" class=\"yoast-schema-graph\">{\"@context\":\"https:\/\/schema.org\",\"@graph\":[{\"@type\":\"Organization\",\"@id\":\"https:\/\/www.biochemreg.com\/biyoyaz\/#organization\",\"name\":\"Biyoyaz Biyokimya Yaz Okulu\",\"url\":\"https:\/\/www.biochemreg.com\/biyoyaz\/\",\"sameAs\":[],\"logo\":{\"@type\":\"ImageObject\",\"@id\":\"https:\/\/www.biochemreg.com\/biyoyaz\/#logo\",\"inLanguage\":\"tr\",\"url\":\"https:\/\/www.biochemreg.com\/biyoyaz\/wp-content\/uploads\/2022\/03\/home1.png\",\"contentUrl\":\"https:\/\/www.biochemreg.com\/biyoyaz\/wp-content\/uploads\/2022\/03\/home1.png\",\"width\":1224,\"height\":199,\"caption\":\"Biyoyaz Biyokimya Yaz Okulu\"},\"image\":{\"@id\":\"https:\/\/www.biochemreg.com\/biyoyaz\/#logo\"}},{\"@type\":\"WebSite\",\"@id\":\"https:\/\/www.biochemreg.com\/biyoyaz\/#website\",\"url\":\"https:\/\/www.biochemreg.com\/biyoyaz\/\",\"name\":\"Biyoyaz Biyokimya Yaz Okulu\",\"description\":\"Biyoyaz Biyokimya Yaz Okulu\",\"publisher\":{\"@id\":\"https:\/\/www.biochemreg.com\/biyoyaz\/#organization\"},\"potentialAction\":[{\"@type\":\"SearchAction\",\"target\":{\"@type\":\"EntryPoint\",\"urlTemplate\":\"https:\/\/www.biochemreg.com\/biyoyaz\/?s={search_term_string}\"},\"query-input\":\"required name=search_term_string\"}],\"inLanguage\":\"tr\"},{\"@type\":\"WebPage\",\"@id\":\"https:\/\/www.biochemreg.com\/biyoyaz\/duzenleme-kurulu\/#webpage\",\"url\":\"https:\/\/www.biochemreg.com\/biyoyaz\/duzenleme-kurulu\/\",\"name\":\"D\u00fczenleme Kurulu - Biyoyaz Biyokimya Yaz Okulu\",\"isPartOf\":{\"@id\":\"https:\/\/www.biochemreg.com\/biyoyaz\/#website\"},\"datePublished\":\"2022-03-20T14:25:37+00:00\",\"dateModified\":\"2025-10-14T01:17:32+00:00\",\"breadcrumb\":{\"@id\":\"https:\/\/www.biochemreg.com\/biyoyaz\/duzenleme-kurulu\/#breadcrumb\"},\"inLanguage\":\"tr\",\"potentialAction\":[{\"@type\":\"ReadAction\",\"target\":[\"https:\/\/www.biochemreg.com\/biyoyaz\/duzenleme-kurulu\/\"]}]},{\"@type\":\"BreadcrumbList\",\"@id\":\"https:\/\/www.biochemreg.com\/biyoyaz\/duzenleme-kurulu\/#breadcrumb\",\"itemListElement\":[{\"@type\":\"ListItem\",\"position\":1,\"name\":\"Anasayfa\",\"item\":\"https:\/\/www.biochemreg.com\/biyoyaz\/\"},{\"@type\":\"ListItem\",\"position\":2,\"name\":\"D\u00fczenleme Kurulu\"}]}]}<\/script>\n<!-- \/ Yoast SEO plugin. -->","yoast_head_json":{"title":"D\u00fczenleme Kurulu - Biyoyaz Biyokimya Yaz Okulu","robots":{"index":"index","follow":"follow","max-snippet":"max-snippet:-1","max-image-preview":"max-image-preview:large","max-video-preview":"max-video-preview:-1"},"canonical":"https:\/\/www.biochemreg.com\/biyoyaz\/duzenleme-kurulu\/","og_locale":"tr_TR","og_type":"article","og_title":"D\u00fczenleme Kurulu - Biyoyaz Biyokimya Yaz Okulu","og_url":"https:\/\/www.biochemreg.com\/biyoyaz\/duzenleme-kurulu\/","og_site_name":"Biyoyaz Biyokimya Yaz Okulu","article_modified_time":"2025-10-14T01:17:32+00:00","twitter_card":"summary_large_image","twitter_misc":{"Tahmini okuma s\u00fcresi":"1 dakika"},"schema":{"@context":"https:\/\/schema.org","@graph":[{"@type":"Organization","@id":"https:\/\/www.biochemreg.com\/biyoyaz\/#organization","name":"Biyoyaz Biyokimya Yaz Okulu","url":"https:\/\/www.biochemreg.com\/biyoyaz\/","sameAs":[],"logo":{"@type":"ImageObject","@id":"https:\/\/www.biochemreg.com\/biyoyaz\/#logo","inLanguage":"tr","url":"https:\/\/www.biochemreg.com\/biyoyaz\/wp-content\/uploads\/2022\/03\/home1.png","contentUrl":"https:\/\/www.biochemreg.com\/biyoyaz\/wp-content\/uploads\/2022\/03\/home1.png","width":1224,"height":199,"caption":"Biyoyaz Biyokimya Yaz Okulu"},"image":{"@id":"https:\/\/www.biochemreg.com\/biyoyaz\/#logo"}},{"@type":"WebSite","@id":"https:\/\/www.biochemreg.com\/biyoyaz\/#website","url":"https:\/\/www.biochemreg.com\/biyoyaz\/","name":"Biyoyaz Biyokimya Yaz Okulu","description":"Biyoyaz Biyokimya Yaz Okulu","publisher":{"@id":"https:\/\/www.biochemreg.com\/biyoyaz\/#organization"},"potentialAction":[{"@type":"SearchAction","target":{"@type":"EntryPoint","urlTemplate":"https:\/\/www.biochemreg.com\/biyoyaz\/?s={search_term_string}"},"query-input":"required name=search_term_string"}],"inLanguage":"tr"},{"@type":"WebPage","@id":"https:\/\/www.biochemreg.com\/biyoyaz\/duzenleme-kurulu\/#webpage","url":"https:\/\/www.biochemreg.com\/biyoyaz\/duzenleme-kurulu\/","name":"D\u00fczenleme Kurulu - Biyoyaz Biyokimya Yaz Okulu","isPartOf":{"@id":"https:\/\/www.biochemreg.com\/biyoyaz\/#website"},"datePublished":"2022-03-20T14:25:37+00:00","dateModified":"2025-10-14T01:17:32+00:00","breadcrumb":{"@id":"https:\/\/www.biochemreg.com\/biyoyaz\/duzenleme-kurulu\/#breadcrumb"},"inLanguage":"tr","potentialAction":[{"@type":"ReadAction","target":["https:\/\/www.biochemreg.com\/biyoyaz\/duzenleme-kurulu\/"]}]},{"@type":"BreadcrumbList","@id":"https:\/\/www.biochemreg.com\/biyoyaz\/duzenleme-kurulu\/#breadcrumb","itemListElement":[{"@type":"ListItem","position":1,"name":"Anasayfa","item":"https:\/\/www.biochemreg.com\/biyoyaz\/"},{"@type":"ListItem","position":2,"name":"D\u00fczenleme Kurulu"}]}]}},"_links":{"self":[{"href":"https:\/\/www.biochemreg.com\/biyoyaz\/wp-json\/wp\/v2\/pages\/221"}],"collection":[{"href":"https:\/\/www.biochemreg.com\/biyoyaz\/wp-json\/wp\/v2\/pages"}],"about":[{"href":"https:\/\/www.biochemreg.com\/biyoyaz\/wp-json\/wp\/v2\/types\/page"}],"author":[{"embeddable":true,"href":"https:\/\/www.biochemreg.com\/biyoyaz\/wp-json\/wp\/v2\/users\/1"}],"replies":[{"embeddable":true,"href":"https:\/\/www.biochemreg.com\/biyoyaz\/wp-json\/wp\/v2\/comments?post=221"}],"version-history":[{"count":14,"href":"https:\/\/www.biochemreg.com\/biyoyaz\/wp-json\/wp\/v2\/pages\/221\/revisions"}],"predecessor-version":[{"id":937,"href":"https:\/\/www.biochemreg.com\/biyoyaz\/wp-json\/wp\/v2\/pages\/221\/revisions\/937"}],"wp:attachment":[{"href":"https:\/\/www.biochemreg.com\/biyoyaz\/wp-json\/wp\/v2\/media?parent=221"}],"curies":[{"name":"wp","href":"https:\/\/api.w.org\/{rel}","templated":true}]}}