{"id":159,"date":"2022-03-17T23:56:04","date_gmt":"2022-03-17T23:56:04","guid":{"rendered":"https:\/\/www.biochemreg.com\/biyoyaz\/?page_id=159"},"modified":"2025-09-05T21:28:56","modified_gmt":"2025-09-05T18:28:56","slug":"davetli-ogretim-uyeleri","status":"publish","type":"page","link":"https:\/\/www.biochemreg.com\/biyoyaz\/davetli-ogretim-uyeleri\/","title":{"rendered":"Davetli \u00d6\u011fretim \u00dcyeleri"},"content":{"rendered":"<div id=\"pl-gb159-69ff798f1df67\"  class=\"panel-layout\" ><div id=\"pg-gb159-69ff798f1df67-0\"  class=\"panel-grid panel-no-style\" ><div id=\"pgc-gb159-69ff798f1df67-0-0\"  class=\"panel-grid-cell\" ><div id=\"panel-gb159-69ff798f1df67-0-0-0\" class=\"so-panel widget widget_event_star_team panel-first-child panel-last-child\" data-index=\"0\" >            <section id=\"event_star_team-3\" class=\"at-widgets acme-teams at-gray-bg\">\n                <div class=\"container\">\n\t                                    <div class=\"row\">\n                                                            <div class=\" col-sm-12 col-md-3\">\n                                        <div class=\"team-item at-gray-bg init-animate zoomIn\">\n                                            <div class=\"team-author\">\n                                                                                                    <a href=\"https:\/\/www.biochemreg.com\/biyoyaz\/halil-kavakli\/\">\n                                                        <img width=\"380\" height=\"500\" src=\"https:\/\/www.biochemreg.com\/biyoyaz\/wp-content\/uploads\/2022\/03\/h-kavakli.jpg\" class=\"attachment-full size-full wp-post-image\" alt=\"\" loading=\"lazy\" srcset=\"https:\/\/www.biochemreg.com\/biyoyaz\/wp-content\/uploads\/2022\/03\/h-kavakli.jpg 380w, https:\/\/www.biochemreg.com\/biyoyaz\/wp-content\/uploads\/2022\/03\/h-kavakli-228x300.jpg 228w\" sizes=\"(max-width: 380px) 100vw, 380px\" \/>                                                    <\/a>\n                                                                                                    <div class=\"team-author-details \">\n                                                    <h3 class=\"team-name\"><a href=\"https:\/\/www.biochemreg.com\/biyoyaz\/halil-kavakli\/\" rel=\"bookmark\">Prof. Dr. \u0130. Halil KAVAKLI<\/a><\/h3>                                                    <div class=\"team-details\">\n                                                        <p>Ko\u00e7 \u00dcniversitesi<\/p>\n                                                    <\/div>\n                                                <\/div>\n                                            <\/div>\n                                        <\/div>\n                                    <\/div>\n                                                                        <div class=\" col-sm-12 col-md-3\">\n                                        <div class=\"team-item at-gray-bg init-animate zoomIn\">\n                                            <div class=\"team-author\">\n                                                                                                    <a href=\"https:\/\/www.biochemreg.com\/biyoyaz\/suna-timur\/\">\n                                                        <img width=\"380\" height=\"500\" src=\"https:\/\/www.biochemreg.com\/biyoyaz\/wp-content\/uploads\/2025\/09\/prof-suna-timur-1.png\" class=\"attachment-full size-full wp-post-image\" alt=\"\" loading=\"lazy\" srcset=\"https:\/\/www.biochemreg.com\/biyoyaz\/wp-content\/uploads\/2025\/09\/prof-suna-timur-1.png 380w, https:\/\/www.biochemreg.com\/biyoyaz\/wp-content\/uploads\/2025\/09\/prof-suna-timur-1-228x300.png 228w\" sizes=\"(max-width: 380px) 100vw, 380px\" \/>                                                    <\/a>\n                                                                                                    <div class=\"team-author-details \">\n                                                    <h3 class=\"team-name\"><a href=\"https:\/\/www.biochemreg.com\/biyoyaz\/suna-timur\/\" rel=\"bookmark\">Prof. Dr. Suna T\u0130MUR<\/a><\/h3>                                                    <div class=\"team-details\">\n                                                        <p>Ege \u00dcniversitesi<\/p>\n                                                    <\/div>\n                                                <\/div>\n                                            <\/div>\n                                        <\/div>\n                                    <\/div>\n                                                                        <div class=\" col-sm-12 col-md-3\">\n                                        <div class=\"team-item at-gray-bg init-animate zoomIn\">\n                                            <div class=\"team-author\">\n                                                                                                    <a href=\"https:\/\/www.biochemreg.com\/biyoyaz\/lokman-uzun\/\">\n                                                        <img width=\"380\" height=\"500\" src=\"https:\/\/www.biochemreg.com\/biyoyaz\/wp-content\/uploads\/2025\/09\/Ekran-goruntusu-2025-09-03-221624-1.png\" class=\"attachment-full size-full wp-post-image\" alt=\"\" loading=\"lazy\" srcset=\"https:\/\/www.biochemreg.com\/biyoyaz\/wp-content\/uploads\/2025\/09\/Ekran-goruntusu-2025-09-03-221624-1.png 380w, https:\/\/www.biochemreg.com\/biyoyaz\/wp-content\/uploads\/2025\/09\/Ekran-goruntusu-2025-09-03-221624-1-228x300.png 228w\" sizes=\"(max-width: 380px) 100vw, 380px\" \/>                                                    <\/a>\n                                                                                                    <div class=\"team-author-details \">\n                                                    <h3 class=\"team-name\"><a href=\"https:\/\/www.biochemreg.com\/biyoyaz\/lokman-uzun\/\" rel=\"bookmark\">Prof. Dr. Lokman UZUN<\/a><\/h3>                                                    <div class=\"team-details\">\n                                                        <p>Hacettepe \u00dcniversitesi<\/p>\n                                                    <\/div>\n                                                <\/div>\n                                            <\/div>\n                                        <\/div>\n                                    <\/div>\n                                                                        <div class=\" col-sm-12 col-md-3\">\n                                        <div class=\"team-item at-gray-bg init-animate zoomIn\">\n                                            <div class=\"team-author\">\n                                                                                                    <a href=\"https:\/\/www.biochemreg.com\/biyoyaz\/ekrem-koksal\/\">\n                                                        <img width=\"380\" height=\"500\" src=\"https:\/\/www.biochemreg.com\/biyoyaz\/wp-content\/uploads\/2025\/09\/Ekrem-Koksal.jpg\" class=\"attachment-full size-full wp-post-image\" alt=\"\" loading=\"lazy\" srcset=\"https:\/\/www.biochemreg.com\/biyoyaz\/wp-content\/uploads\/2025\/09\/Ekrem-Koksal.jpg 380w, https:\/\/www.biochemreg.com\/biyoyaz\/wp-content\/uploads\/2025\/09\/Ekrem-Koksal-228x300.jpg 228w\" sizes=\"(max-width: 380px) 100vw, 380px\" \/>                                                    <\/a>\n                                                                                                    <div class=\"team-author-details \">\n                                                    <h3 class=\"team-name\"><a href=\"https:\/\/www.biochemreg.com\/biyoyaz\/ekrem-koksal\/\" rel=\"bookmark\">Prof. Dr. Ekrem K\u00d6KSAL<\/a><\/h3>                                                    <div class=\"team-details\">\n                                                        <p>Erzincan Binali Y\u0131ld\u0131r\u0131m \u00dcniversitesi<\/p>\n                                                    <\/div>\n                                                <\/div>\n                                            <\/div>\n                                        <\/div>\n                                    <\/div>\n                                    <div class='clearfix'><\/div>                                    <div class=\" col-sm-12 col-md-3\">\n                                        <div class=\"team-item at-gray-bg init-animate zoomIn\">\n                                            <div class=\"team-author\">\n                                                                                                    <a href=\"https:\/\/www.biochemreg.com\/biyoyaz\/omur-acet\/\">\n                                                        <img width=\"380\" height=\"500\" src=\"https:\/\/www.biochemreg.com\/biyoyaz\/wp-content\/uploads\/2025\/09\/WhatsApp-Gorsel-2025-09-05-saat-14.23.54_f33da32b-2.jpg\" class=\"attachment-full size-full wp-post-image\" alt=\"\" loading=\"lazy\" srcset=\"https:\/\/www.biochemreg.com\/biyoyaz\/wp-content\/uploads\/2025\/09\/WhatsApp-Gorsel-2025-09-05-saat-14.23.54_f33da32b-2.jpg 380w, https:\/\/www.biochemreg.com\/biyoyaz\/wp-content\/uploads\/2025\/09\/WhatsApp-Gorsel-2025-09-05-saat-14.23.54_f33da32b-2-228x300.jpg 228w\" sizes=\"(max-width: 380px) 100vw, 380px\" \/>                                                    <\/a>\n                                                                                                    <div class=\"team-author-details \">\n                                                    <h3 class=\"team-name\"><a href=\"https:\/\/www.biochemreg.com\/biyoyaz\/omur-acet\/\" rel=\"bookmark\">Do\u00e7. Dr. \u00d6m\u00fcr ACET<\/a><\/h3>                                                    <div class=\"team-details\">\n                                                        <p>Tarsus \u00dcniversitesi<\/p>\n                                                    <\/div>\n                                                <\/div>\n                                            <\/div>\n                                        <\/div>\n                                    <\/div>\n                                                        <\/div>\n                <\/div>\n            <\/section>\n            <\/div><\/div><\/div><\/div>","protected":false},"excerpt":{"rendered":"","protected":false},"author":1,"featured_media":0,"parent":0,"menu_order":0,"comment_status":"closed","ping_status":"closed","template":"","meta":[],"yoast_head":"<!-- This site is optimized with the Yoast SEO plugin v18.6 - https:\/\/yoast.com\/wordpress\/plugins\/seo\/ -->\n<title>Davetli \u00d6\u011fretim \u00dcyeleri - Biyoyaz Biyokimya Yaz Okulu<\/title>\n<meta name=\"robots\" content=\"index, follow, max-snippet:-1, max-image-preview:large, max-video-preview:-1\" \/>\n<link rel=\"canonical\" href=\"https:\/\/www.biochemreg.com\/biyoyaz\/davetli-ogretim-uyeleri\/\" \/>\n<meta property=\"og:locale\" content=\"tr_TR\" \/>\n<meta property=\"og:type\" content=\"article\" \/>\n<meta property=\"og:title\" content=\"Davetli \u00d6\u011fretim \u00dcyeleri - Biyoyaz Biyokimya Yaz Okulu\" \/>\n<meta property=\"og:url\" content=\"https:\/\/www.biochemreg.com\/biyoyaz\/davetli-ogretim-uyeleri\/\" \/>\n<meta property=\"og:site_name\" content=\"Biyoyaz Biyokimya Yaz Okulu\" \/>\n<meta property=\"article:modified_time\" content=\"2025-09-05T18:28:56+00:00\" \/>\n<meta property=\"og:image\" content=\"https:\/\/www.biochemreg.com\/biyoyaz\/wp-content\/uploads\/2022\/03\/h-kavakli.jpg\" \/>\n<meta name=\"twitter:card\" content=\"summary_large_image\" \/>\n<meta name=\"twitter:label1\" content=\"Tahmini okuma s\u00fcresi\" \/>\n\t<meta name=\"twitter:data1\" content=\"2 dakika\" \/>\n<script type=\"application\/ld+json\" class=\"yoast-schema-graph\">{\"@context\":\"https:\/\/schema.org\",\"@graph\":[{\"@type\":\"Organization\",\"@id\":\"https:\/\/www.biochemreg.com\/biyoyaz\/#organization\",\"name\":\"Biyoyaz Biyokimya Yaz Okulu\",\"url\":\"https:\/\/www.biochemreg.com\/biyoyaz\/\",\"sameAs\":[],\"logo\":{\"@type\":\"ImageObject\",\"@id\":\"https:\/\/www.biochemreg.com\/biyoyaz\/#logo\",\"inLanguage\":\"tr\",\"url\":\"https:\/\/www.biochemreg.com\/biyoyaz\/wp-content\/uploads\/2022\/03\/home1.png\",\"contentUrl\":\"https:\/\/www.biochemreg.com\/biyoyaz\/wp-content\/uploads\/2022\/03\/home1.png\",\"width\":1224,\"height\":199,\"caption\":\"Biyoyaz Biyokimya Yaz Okulu\"},\"image\":{\"@id\":\"https:\/\/www.biochemreg.com\/biyoyaz\/#logo\"}},{\"@type\":\"WebSite\",\"@id\":\"https:\/\/www.biochemreg.com\/biyoyaz\/#website\",\"url\":\"https:\/\/www.biochemreg.com\/biyoyaz\/\",\"name\":\"Biyoyaz Biyokimya Yaz Okulu\",\"description\":\"Biyoyaz Biyokimya Yaz Okulu\",\"publisher\":{\"@id\":\"https:\/\/www.biochemreg.com\/biyoyaz\/#organization\"},\"potentialAction\":[{\"@type\":\"SearchAction\",\"target\":{\"@type\":\"EntryPoint\",\"urlTemplate\":\"https:\/\/www.biochemreg.com\/biyoyaz\/?s={search_term_string}\"},\"query-input\":\"required name=search_term_string\"}],\"inLanguage\":\"tr\"},{\"@type\":\"ImageObject\",\"@id\":\"https:\/\/www.biochemreg.com\/biyoyaz\/davetli-ogretim-uyeleri\/#primaryimage\",\"inLanguage\":\"tr\",\"url\":\"https:\/\/www.biochemreg.com\/biyoyaz\/wp-content\/uploads\/2022\/03\/h-kavakli.jpg\",\"contentUrl\":\"https:\/\/www.biochemreg.com\/biyoyaz\/wp-content\/uploads\/2022\/03\/h-kavakli.jpg\",\"width\":380,\"height\":500},{\"@type\":\"WebPage\",\"@id\":\"https:\/\/www.biochemreg.com\/biyoyaz\/davetli-ogretim-uyeleri\/#webpage\",\"url\":\"https:\/\/www.biochemreg.com\/biyoyaz\/davetli-ogretim-uyeleri\/\",\"name\":\"Davetli \u00d6\u011fretim \u00dcyeleri - Biyoyaz Biyokimya Yaz Okulu\",\"isPartOf\":{\"@id\":\"https:\/\/www.biochemreg.com\/biyoyaz\/#website\"},\"primaryImageOfPage\":{\"@id\":\"https:\/\/www.biochemreg.com\/biyoyaz\/davetli-ogretim-uyeleri\/#primaryimage\"},\"datePublished\":\"2022-03-17T23:56:04+00:00\",\"dateModified\":\"2025-09-05T18:28:56+00:00\",\"breadcrumb\":{\"@id\":\"https:\/\/www.biochemreg.com\/biyoyaz\/davetli-ogretim-uyeleri\/#breadcrumb\"},\"inLanguage\":\"tr\",\"potentialAction\":[{\"@type\":\"ReadAction\",\"target\":[\"https:\/\/www.biochemreg.com\/biyoyaz\/davetli-ogretim-uyeleri\/\"]}]},{\"@type\":\"BreadcrumbList\",\"@id\":\"https:\/\/www.biochemreg.com\/biyoyaz\/davetli-ogretim-uyeleri\/#breadcrumb\",\"itemListElement\":[{\"@type\":\"ListItem\",\"position\":1,\"name\":\"Anasayfa\",\"item\":\"https:\/\/www.biochemreg.com\/biyoyaz\/\"},{\"@type\":\"ListItem\",\"position\":2,\"name\":\"Davetli \u00d6\u011fretim \u00dcyeleri\"}]}]}<\/script>\n<!-- \/ Yoast SEO plugin. -->","yoast_head_json":{"title":"Davetli \u00d6\u011fretim \u00dcyeleri - Biyoyaz Biyokimya Yaz Okulu","robots":{"index":"index","follow":"follow","max-snippet":"max-snippet:-1","max-image-preview":"max-image-preview:large","max-video-preview":"max-video-preview:-1"},"canonical":"https:\/\/www.biochemreg.com\/biyoyaz\/davetli-ogretim-uyeleri\/","og_locale":"tr_TR","og_type":"article","og_title":"Davetli \u00d6\u011fretim \u00dcyeleri - Biyoyaz Biyokimya Yaz Okulu","og_url":"https:\/\/www.biochemreg.com\/biyoyaz\/davetli-ogretim-uyeleri\/","og_site_name":"Biyoyaz Biyokimya Yaz Okulu","article_modified_time":"2025-09-05T18:28:56+00:00","og_image":[{"url":"https:\/\/www.biochemreg.com\/biyoyaz\/wp-content\/uploads\/2022\/03\/h-kavakli.jpg"}],"twitter_card":"summary_large_image","twitter_misc":{"Tahmini okuma s\u00fcresi":"2 dakika"},"schema":{"@context":"https:\/\/schema.org","@graph":[{"@type":"Organization","@id":"https:\/\/www.biochemreg.com\/biyoyaz\/#organization","name":"Biyoyaz Biyokimya Yaz Okulu","url":"https:\/\/www.biochemreg.com\/biyoyaz\/","sameAs":[],"logo":{"@type":"ImageObject","@id":"https:\/\/www.biochemreg.com\/biyoyaz\/#logo","inLanguage":"tr","url":"https:\/\/www.biochemreg.com\/biyoyaz\/wp-content\/uploads\/2022\/03\/home1.png","contentUrl":"https:\/\/www.biochemreg.com\/biyoyaz\/wp-content\/uploads\/2022\/03\/home1.png","width":1224,"height":199,"caption":"Biyoyaz Biyokimya Yaz Okulu"},"image":{"@id":"https:\/\/www.biochemreg.com\/biyoyaz\/#logo"}},{"@type":"WebSite","@id":"https:\/\/www.biochemreg.com\/biyoyaz\/#website","url":"https:\/\/www.biochemreg.com\/biyoyaz\/","name":"Biyoyaz Biyokimya Yaz Okulu","description":"Biyoyaz Biyokimya Yaz Okulu","publisher":{"@id":"https:\/\/www.biochemreg.com\/biyoyaz\/#organization"},"potentialAction":[{"@type":"SearchAction","target":{"@type":"EntryPoint","urlTemplate":"https:\/\/www.biochemreg.com\/biyoyaz\/?s={search_term_string}"},"query-input":"required name=search_term_string"}],"inLanguage":"tr"},{"@type":"ImageObject","@id":"https:\/\/www.biochemreg.com\/biyoyaz\/davetli-ogretim-uyeleri\/#primaryimage","inLanguage":"tr","url":"https:\/\/www.biochemreg.com\/biyoyaz\/wp-content\/uploads\/2022\/03\/h-kavakli.jpg","contentUrl":"https:\/\/www.biochemreg.com\/biyoyaz\/wp-content\/uploads\/2022\/03\/h-kavakli.jpg","width":380,"height":500},{"@type":"WebPage","@id":"https:\/\/www.biochemreg.com\/biyoyaz\/davetli-ogretim-uyeleri\/#webpage","url":"https:\/\/www.biochemreg.com\/biyoyaz\/davetli-ogretim-uyeleri\/","name":"Davetli \u00d6\u011fretim \u00dcyeleri - Biyoyaz Biyokimya Yaz Okulu","isPartOf":{"@id":"https:\/\/www.biochemreg.com\/biyoyaz\/#website"},"primaryImageOfPage":{"@id":"https:\/\/www.biochemreg.com\/biyoyaz\/davetli-ogretim-uyeleri\/#primaryimage"},"datePublished":"2022-03-17T23:56:04+00:00","dateModified":"2025-09-05T18:28:56+00:00","breadcrumb":{"@id":"https:\/\/www.biochemreg.com\/biyoyaz\/davetli-ogretim-uyeleri\/#breadcrumb"},"inLanguage":"tr","potentialAction":[{"@type":"ReadAction","target":["https:\/\/www.biochemreg.com\/biyoyaz\/davetli-ogretim-uyeleri\/"]}]},{"@type":"BreadcrumbList","@id":"https:\/\/www.biochemreg.com\/biyoyaz\/davetli-ogretim-uyeleri\/#breadcrumb","itemListElement":[{"@type":"ListItem","position":1,"name":"Anasayfa","item":"https:\/\/www.biochemreg.com\/biyoyaz\/"},{"@type":"ListItem","position":2,"name":"Davetli \u00d6\u011fretim \u00dcyeleri"}]}]}},"_links":{"self":[{"href":"https:\/\/www.biochemreg.com\/biyoyaz\/wp-json\/wp\/v2\/pages\/159"}],"collection":[{"href":"https:\/\/www.biochemreg.com\/biyoyaz\/wp-json\/wp\/v2\/pages"}],"about":[{"href":"https:\/\/www.biochemreg.com\/biyoyaz\/wp-json\/wp\/v2\/types\/page"}],"author":[{"embeddable":true,"href":"https:\/\/www.biochemreg.com\/biyoyaz\/wp-json\/wp\/v2\/users\/1"}],"replies":[{"embeddable":true,"href":"https:\/\/www.biochemreg.com\/biyoyaz\/wp-json\/wp\/v2\/comments?post=159"}],"version-history":[{"count":5,"href":"https:\/\/www.biochemreg.com\/biyoyaz\/wp-json\/wp\/v2\/pages\/159\/revisions"}],"predecessor-version":[{"id":818,"href":"https:\/\/www.biochemreg.com\/biyoyaz\/wp-json\/wp\/v2\/pages\/159\/revisions\/818"}],"wp:attachment":[{"href":"https:\/\/www.biochemreg.com\/biyoyaz\/wp-json\/wp\/v2\/media?parent=159"}],"curies":[{"name":"wp","href":"https:\/\/api.w.org\/{rel}","templated":true}]}}