{"id":157,"date":"2022-03-17T23:55:06","date_gmt":"2022-03-17T23:55:06","guid":{"rendered":"https:\/\/www.biochemreg.com\/biyoyaz\/?page_id=157"},"modified":"2025-10-14T04:18:40","modified_gmt":"2025-10-14T01:18:40","slug":"kurullar","status":"publish","type":"page","link":"https:\/\/www.biochemreg.com\/biyoyaz\/kurullar\/","title":{"rendered":"Kurullar"},"content":{"rendered":"\n<section id=\"gm84c7919\" class=\"wp-block-gutentor-m4 section-gm84c7919 gutentor-module gutentor-advanced-columns\"><div class=\"grid-container\"><div class=\"grid-row\">\n<div id=\"col-gm9f418e\" class=\"wp-block-gutentor-m4-col col-gm9f418e gutentor-single-column  grid-lg-2 grid-md-12 grid-12\"><div id=\"section-gm9f418e\" class=\"section-gm9f418e gutentor-col-wrap\"><\/div><\/div>\n\n\n\n<div id=\"col-gm315388\" class=\"wp-block-gutentor-m4-col col-gm315388 gutentor-single-column  grid-lg-8 grid-md-12 grid-12\"><div id=\"section-gm315388\" class=\"section-gm315388 gutentor-col-wrap\">\n<section id=\"section-0bd39509-0c2b-4a56-ace4-896645bf3367\" class=\"wp-block-gutentor-tabs gutentor-section gutentor-tabs-wrapper tabs-template1 tab-horizontal\"><div class=\"grid-container\"><div class=\"gutentor-tabs-container gutentor-grid-item-wrap\"><div class=\"gutentor-tabs tablist-left\"><span class=\"gutentor-tabs-list gutentor-single-item-0 gutentor-tab-active\" data-index=\"gutentor-single-item-0\"><div class=\"gutentor-single-item-tabs gutentor-single-item\">Ba\u015fkanlar<\/div><\/span><span class=\"gutentor-tabs-list gutentor-single-item-1\" data-index=\"gutentor-single-item-1\"><div class=\"gutentor-single-item-tabs gutentor-single-item\">\u00d6\u011fretim \u00dcyesi<\/div><\/span><span class=\"gutentor-tabs-list gutentor-single-item-2\" data-index=\"gutentor-single-item-2\"><div class=\"gutentor-single-item-tabs gutentor-single-item\">D\u00fczenleme Kurulu<\/div><\/span><span class=\"gutentor-tabs-list gutentor-single-item-3\" data-index=\"gutentor-single-item-3\"><div class=\"gutentor-single-item-tabs gutentor-single-item\">Organizasyon Kurulu<\/div><\/span><\/div><div class=\"gutentor-tabs-content-wrap text-left\"><div class=\"gutentor-single-item gutentor-tabs-content gutentor-single-item-0 gutentor-tab-content-active\"><div class=\"gutentor-single-item-tabs gutentor-single-item\"><div class=\"gutentor-single-item-content\"><p><strong>Onursal Ba\u015fkan<\/strong><br>Prof. Dr. Ali \u00d6ZEN\u00a0(Tarsus \u00dcniversitesi Rekt\u00f6r\u00fc)<br><br><strong>Ba\u015fkanlar<\/strong><br>Do\u00e7. Dr. \u00d6m\u00fcr ACET (Tarsus \u00dcn.)<br>Prof. Dr. Mehmet ODABA\u015eI (Aksaray \u00dcn.)<\/p><\/div><\/div><\/div><div class=\"gutentor-single-item gutentor-tabs-content gutentor-single-item-1\"><div class=\"gutentor-single-item-tabs gutentor-single-item\"><div class=\"gutentor-single-item-content\"><p>Prof. Dr. \u0130. Halil KAVAKLI (Ko\u00e7 \u00dcn.)<br>Prof. Dr. Lokman UZUN (Hacettepe \u00dcn.)<br>Prof. Dr. Suna T\u0130MUR (Ege \u00dcn.)<br>Prof. Dr. Ekrem K\u00d6KSAL (Erzincan Binali Y\u0131ld\u0131r\u0131m \u00dcn.)<br>Do\u00e7. Dr. \u00d6m\u00fcr ACET (Tarsus \u00dcn.)<\/p><\/div><\/div><\/div><div class=\"gutentor-single-item gutentor-tabs-content gutentor-single-item-2\"><div class=\"gutentor-single-item-tabs gutentor-single-item\"><div class=\"gutentor-single-item-content\"><p>Prof. Dr. Lokman UZUN (Hacettepe \u00dcn.)<br>Prof. Dr. Mahmut ERZENG\u0130N (Aksaray \u00dcn.)<br>Prof. Dr. Burhan \u015eEN (Trakya \u00dcn.)<br>Prof. Dr. Nalan \u00d6ZDEM\u0130R (Erciyes \u00dcn.)<br>Prof. Dr. Burhan ATE\u015e (\u0130n\u00f6n\u00fc \u00dcn)<br>Prof. Dr. H\u00fcseyin ALKAN (Dicle \u00dcn.)<br>Prof. Dr. Veyis KARAKO\u00c7 (\u00c7ank\u0131r\u0131 Karatekin \u00dcn.)<br>Do\u00e7. Dr. Demet ERD\u00d6NMEZ (D\u00fczce \u00dcn.)<br>Do\u00e7. Dr. \u0130hsan ALACABEY (Mardin Artuklu \u00dcn.)<br>Do\u00e7. Dr. T\u00fclden KALBURCU (Aksaray \u00dcn.)<br>Dr. \u00d6\u011fr. \u00dcyesi \u015eefika P\u0131nar \u015eENOL (Tarsus \u00dcn.)<br>Dr. Mine BU\u011eA AKTEK\u0130N (Tarsus \u00dcn.)<br>Dr. Emrah D\u0130K\u0130C\u0130 (Aksaray \u00dcn.)<br>Dr. Samir NOMA<br>Dr. \u015eeyda CEYLAN (Aksaray \u00dcn.)<br>Dr. Burcu \u00d6NAL ACET (Aksaray \u00dcn.)<\/p><\/div><\/div><\/div><div class=\"gutentor-single-item gutentor-tabs-content gutentor-single-item-3\"><div class=\"gutentor-single-item-tabs gutentor-single-item\"><div class=\"gutentor-single-item-content\"><p>Tuba G\u00d6K (Aksaray \u00dcn.)<br>Dilara AY (Aksaray \u00dcn.)<br>Duygu POLAT (D\u00fczce \u00dcn.)<br>Ecrin Eda ODABA\u015eI (Bilkent \u00dcn.)<br>Mustafa Emre DEM\u0130R (Mersin \u00dcn.)<br>Mevl\u00fct \u00c7EL\u0130K (Mu\u015f Alparslan \u00dcn.)<br>\u0130smahan Merve SAPMAZ (Tarsus \u00dcn.)<br>Ula\u015f Mira\u00e7 ERG\u00dcN (Tarsus \u00dcn.)<br>Aliyenur GAMLI (Tarsus \u00dcn.)<br>Canan ARSLAN (Tarsus \u00dcn.)<br>Elif Mevre A\u00c7IKG\u00d6Z (Tarsus \u00dcn.)<br>Merve DO\u011eAN (Tarsus \u00dcn.)<br>K\u00fcbra DEM\u0130R (Tarsus \u00dcn.)<br>M\u00fctemen ELYAN (Tarsus \u00dcn.)<br>Zilan BA\u015e\u00c7I (Tarsus \u00dcn.)<br>Elif YUCA (Tarsus \u00dcn.)<br>Perihan HAN (Tarsus \u00dcn.)<br>Fatmanur BULUT (Tarsus \u00dcn.)<br>S\u0131la TOSUN (Tarsus \u00dcn.)<br>Berivan G\u00dcN (Tarsus \u00dcn.)<\/p><\/div><\/div><\/div><\/div><\/div><\/div><\/section>\n<\/div><\/div>\n\n\n\n<div id=\"col-gm7136e7\" class=\"wp-block-gutentor-m4-col col-gm7136e7 gutentor-single-column  grid-lg-2 grid-md-12 grid-12\"><div id=\"section-gm7136e7\" class=\"section-gm7136e7 gutentor-col-wrap\"><\/div><\/div>\n<\/div><\/div><\/section>\n","protected":false},"excerpt":{"rendered":"","protected":false},"author":1,"featured_media":0,"parent":0,"menu_order":0,"comment_status":"closed","ping_status":"closed","template":"","meta":[],"yoast_head":"<!-- This site is optimized with the Yoast SEO plugin v18.6 - https:\/\/yoast.com\/wordpress\/plugins\/seo\/ -->\n<title>Kurullar - Biyoyaz Biyokimya Yaz Okulu<\/title>\n<meta name=\"robots\" content=\"index, follow, max-snippet:-1, max-image-preview:large, max-video-preview:-1\" \/>\n<link rel=\"canonical\" href=\"https:\/\/www.biochemreg.com\/biyoyaz\/kurullar\/\" \/>\n<meta property=\"og:locale\" content=\"tr_TR\" \/>\n<meta property=\"og:type\" content=\"article\" \/>\n<meta property=\"og:title\" content=\"Kurullar - Biyoyaz Biyokimya Yaz Okulu\" \/>\n<meta property=\"og:url\" content=\"https:\/\/www.biochemreg.com\/biyoyaz\/kurullar\/\" \/>\n<meta property=\"og:site_name\" content=\"Biyoyaz Biyokimya Yaz Okulu\" \/>\n<meta property=\"article:modified_time\" content=\"2025-10-14T01:18:40+00:00\" \/>\n<meta name=\"twitter:card\" content=\"summary_large_image\" \/>\n<meta name=\"twitter:label1\" content=\"Tahmini okuma s\u00fcresi\" \/>\n\t<meta name=\"twitter:data1\" content=\"2 dakika\" \/>\n<script type=\"application\/ld+json\" class=\"yoast-schema-graph\">{\"@context\":\"https:\/\/schema.org\",\"@graph\":[{\"@type\":\"Organization\",\"@id\":\"https:\/\/www.biochemreg.com\/biyoyaz\/#organization\",\"name\":\"Biyoyaz Biyokimya Yaz Okulu\",\"url\":\"https:\/\/www.biochemreg.com\/biyoyaz\/\",\"sameAs\":[],\"logo\":{\"@type\":\"ImageObject\",\"@id\":\"https:\/\/www.biochemreg.com\/biyoyaz\/#logo\",\"inLanguage\":\"tr\",\"url\":\"https:\/\/www.biochemreg.com\/biyoyaz\/wp-content\/uploads\/2022\/03\/home1.png\",\"contentUrl\":\"https:\/\/www.biochemreg.com\/biyoyaz\/wp-content\/uploads\/2022\/03\/home1.png\",\"width\":1224,\"height\":199,\"caption\":\"Biyoyaz Biyokimya Yaz Okulu\"},\"image\":{\"@id\":\"https:\/\/www.biochemreg.com\/biyoyaz\/#logo\"}},{\"@type\":\"WebSite\",\"@id\":\"https:\/\/www.biochemreg.com\/biyoyaz\/#website\",\"url\":\"https:\/\/www.biochemreg.com\/biyoyaz\/\",\"name\":\"Biyoyaz Biyokimya Yaz Okulu\",\"description\":\"Biyoyaz Biyokimya Yaz Okulu\",\"publisher\":{\"@id\":\"https:\/\/www.biochemreg.com\/biyoyaz\/#organization\"},\"potentialAction\":[{\"@type\":\"SearchAction\",\"target\":{\"@type\":\"EntryPoint\",\"urlTemplate\":\"https:\/\/www.biochemreg.com\/biyoyaz\/?s={search_term_string}\"},\"query-input\":\"required name=search_term_string\"}],\"inLanguage\":\"tr\"},{\"@type\":\"WebPage\",\"@id\":\"https:\/\/www.biochemreg.com\/biyoyaz\/kurullar\/#webpage\",\"url\":\"https:\/\/www.biochemreg.com\/biyoyaz\/kurullar\/\",\"name\":\"Kurullar - Biyoyaz Biyokimya Yaz Okulu\",\"isPartOf\":{\"@id\":\"https:\/\/www.biochemreg.com\/biyoyaz\/#website\"},\"datePublished\":\"2022-03-17T23:55:06+00:00\",\"dateModified\":\"2025-10-14T01:18:40+00:00\",\"breadcrumb\":{\"@id\":\"https:\/\/www.biochemreg.com\/biyoyaz\/kurullar\/#breadcrumb\"},\"inLanguage\":\"tr\",\"potentialAction\":[{\"@type\":\"ReadAction\",\"target\":[\"https:\/\/www.biochemreg.com\/biyoyaz\/kurullar\/\"]}]},{\"@type\":\"BreadcrumbList\",\"@id\":\"https:\/\/www.biochemreg.com\/biyoyaz\/kurullar\/#breadcrumb\",\"itemListElement\":[{\"@type\":\"ListItem\",\"position\":1,\"name\":\"Anasayfa\",\"item\":\"https:\/\/www.biochemreg.com\/biyoyaz\/\"},{\"@type\":\"ListItem\",\"position\":2,\"name\":\"Kurullar\"}]}]}<\/script>\n<!-- \/ Yoast SEO plugin. -->","yoast_head_json":{"title":"Kurullar - Biyoyaz Biyokimya Yaz Okulu","robots":{"index":"index","follow":"follow","max-snippet":"max-snippet:-1","max-image-preview":"max-image-preview:large","max-video-preview":"max-video-preview:-1"},"canonical":"https:\/\/www.biochemreg.com\/biyoyaz\/kurullar\/","og_locale":"tr_TR","og_type":"article","og_title":"Kurullar - Biyoyaz Biyokimya Yaz Okulu","og_url":"https:\/\/www.biochemreg.com\/biyoyaz\/kurullar\/","og_site_name":"Biyoyaz Biyokimya Yaz Okulu","article_modified_time":"2025-10-14T01:18:40+00:00","twitter_card":"summary_large_image","twitter_misc":{"Tahmini okuma s\u00fcresi":"2 dakika"},"schema":{"@context":"https:\/\/schema.org","@graph":[{"@type":"Organization","@id":"https:\/\/www.biochemreg.com\/biyoyaz\/#organization","name":"Biyoyaz Biyokimya Yaz Okulu","url":"https:\/\/www.biochemreg.com\/biyoyaz\/","sameAs":[],"logo":{"@type":"ImageObject","@id":"https:\/\/www.biochemreg.com\/biyoyaz\/#logo","inLanguage":"tr","url":"https:\/\/www.biochemreg.com\/biyoyaz\/wp-content\/uploads\/2022\/03\/home1.png","contentUrl":"https:\/\/www.biochemreg.com\/biyoyaz\/wp-content\/uploads\/2022\/03\/home1.png","width":1224,"height":199,"caption":"Biyoyaz Biyokimya Yaz Okulu"},"image":{"@id":"https:\/\/www.biochemreg.com\/biyoyaz\/#logo"}},{"@type":"WebSite","@id":"https:\/\/www.biochemreg.com\/biyoyaz\/#website","url":"https:\/\/www.biochemreg.com\/biyoyaz\/","name":"Biyoyaz Biyokimya Yaz Okulu","description":"Biyoyaz Biyokimya Yaz Okulu","publisher":{"@id":"https:\/\/www.biochemreg.com\/biyoyaz\/#organization"},"potentialAction":[{"@type":"SearchAction","target":{"@type":"EntryPoint","urlTemplate":"https:\/\/www.biochemreg.com\/biyoyaz\/?s={search_term_string}"},"query-input":"required name=search_term_string"}],"inLanguage":"tr"},{"@type":"WebPage","@id":"https:\/\/www.biochemreg.com\/biyoyaz\/kurullar\/#webpage","url":"https:\/\/www.biochemreg.com\/biyoyaz\/kurullar\/","name":"Kurullar - Biyoyaz Biyokimya Yaz Okulu","isPartOf":{"@id":"https:\/\/www.biochemreg.com\/biyoyaz\/#website"},"datePublished":"2022-03-17T23:55:06+00:00","dateModified":"2025-10-14T01:18:40+00:00","breadcrumb":{"@id":"https:\/\/www.biochemreg.com\/biyoyaz\/kurullar\/#breadcrumb"},"inLanguage":"tr","potentialAction":[{"@type":"ReadAction","target":["https:\/\/www.biochemreg.com\/biyoyaz\/kurullar\/"]}]},{"@type":"BreadcrumbList","@id":"https:\/\/www.biochemreg.com\/biyoyaz\/kurullar\/#breadcrumb","itemListElement":[{"@type":"ListItem","position":1,"name":"Anasayfa","item":"https:\/\/www.biochemreg.com\/biyoyaz\/"},{"@type":"ListItem","position":2,"name":"Kurullar"}]}]}},"_links":{"self":[{"href":"https:\/\/www.biochemreg.com\/biyoyaz\/wp-json\/wp\/v2\/pages\/157"}],"collection":[{"href":"https:\/\/www.biochemreg.com\/biyoyaz\/wp-json\/wp\/v2\/pages"}],"about":[{"href":"https:\/\/www.biochemreg.com\/biyoyaz\/wp-json\/wp\/v2\/types\/page"}],"author":[{"embeddable":true,"href":"https:\/\/www.biochemreg.com\/biyoyaz\/wp-json\/wp\/v2\/users\/1"}],"replies":[{"embeddable":true,"href":"https:\/\/www.biochemreg.com\/biyoyaz\/wp-json\/wp\/v2\/comments?post=157"}],"version-history":[{"count":16,"href":"https:\/\/www.biochemreg.com\/biyoyaz\/wp-json\/wp\/v2\/pages\/157\/revisions"}],"predecessor-version":[{"id":938,"href":"https:\/\/www.biochemreg.com\/biyoyaz\/wp-json\/wp\/v2\/pages\/157\/revisions\/938"}],"wp:attachment":[{"href":"https:\/\/www.biochemreg.com\/biyoyaz\/wp-json\/wp\/v2\/media?parent=157"}],"curies":[{"name":"wp","href":"https:\/\/api.w.org\/{rel}","templated":true}]}}